{"id":892,"date":"2013-06-17T05:57:59","date_gmt":"2013-06-17T05:57:59","guid":{"rendered":"http:\/\/bazeni-varazdin.hr\/wp\/?page_id=892"},"modified":"2016-06-16T07:30:58","modified_gmt":"2016-06-16T07:30:58","slug":"ljetni-sportski-kamp","status":"publish","type":"page","link":"https:\/\/bazeni-varazdin.hr\/wp\/ljetni-sportski-kamp\/","title":{"rendered":"LJETNI SPORTSKI KAMP"},"content":{"rendered":"<p><a href=\"http:\/\/bazeni-varazdin.hr\/wp\/wp-content\/uploads\/2013\/06\/kamp-naslovna.jpg\"><img fetchpriority=\"high\" decoding=\"async\" class=\"aligncenter size-full wp-image-1989\" src=\"http:\/\/bazeni-varazdin.hr\/wp\/wp-content\/uploads\/2013\/06\/kamp-naslovna.jpg\" alt=\"kamp-naslovna\" width=\"960\" height=\"300\" srcset=\"https:\/\/bazeni-varazdin.hr\/wp\/wp-content\/uploads\/2013\/06\/kamp-naslovna.jpg 960w, https:\/\/bazeni-varazdin.hr\/wp\/wp-content\/uploads\/2013\/06\/kamp-naslovna-300x94.jpg 300w, https:\/\/bazeni-varazdin.hr\/wp\/wp-content\/uploads\/2013\/06\/kamp-naslovna-768x240.jpg 768w\" sizes=\"(max-width: 960px) 100vw, 960px\" \/><\/a><\/p>\n<div>\n<p>Ovaj program osmislili smo vo\u0111eni \u017eeljom da ponudimo zanimljiv sadr\u017eaj za djecu u vrijeme \u0161kolskih praznika. Program je koncipiran u trajanju od 5 dana ( pon-pet ) od 09:00 do 16:00 sati tijekom cijelog ljeta.<\/p>\n<p>Djeca su za vrijeme boravka u kampu svrstana u grupe prema godi\u0161tu u homogene skupine. Svaka grupa ima svog voditelja-trenera te tako svakodnevno, uz dru\u017eenje, igru ali i ozbiljan trening upoznaju i u\u010de osnovne elemente bazi\u010dnih sportova i sportskih igara. Naravno, u kampu postoji vrijeme za igru i dru\u017eenje, te kupanje i sun\u010danje !<\/p>\n<p>Polaznici kampa u cijeni imaju osiguran ru\u010dak u ugodnom ambijentu restorana na bazenima! Tako\u0111er, kamp nudi na\u0161e tradicionalne sadr\u017eaje : upoznavanje bazena &#8220;iznutra&#8221; &#8211; obilazak i upoznavanje sa funkcioniranjem bazenske tehnike, gostovanja renomiranih sporta\u0161a i javnih osoba, obavezna diploma i majica \/ kapa za sve polaznike kampa.<\/p>\n<div>\n<h3><strong>Po\u010detak kampa: 27.06.2016. u ponedjeljak!<\/strong><\/h3>\n<\/div>\n<p>Kontaktirajte nas i omogu\u0107ite svojim klincima zdravije i produktivnije ljeto!<br \/>\nVi\u0161e informacija i upis u kamp mo\u017eete dogovoriti na recepciji bazena ili na 042 215 366<\/p>\n<h3><iframe src=\"http:\/\/www.youtube.com\/embed\/2rb3nrN4cQ4\" width=\"960\" height=\"540\" frameborder=\"0\" allowfullscreen=\"allowfullscreen\"><\/iframe><\/h3>\n<\/div>\n<p><a href=\"http:\/\/bazeni-varazdin.hr\/wp\/wp-content\/uploads\/2013\/06\/ljetni-kamp-2016-raspored.jpg\"><img decoding=\"async\" class=\"aligncenter size-large wp-image-1995\" src=\"http:\/\/bazeni-varazdin.hr\/wp\/wp-content\/uploads\/2013\/06\/ljetni-kamp-2016-raspored-724x1024.jpg\" alt=\"ljetni-kamp-2016-raspored\" width=\"724\" height=\"1024\" srcset=\"https:\/\/bazeni-varazdin.hr\/wp\/wp-content\/uploads\/2013\/06\/ljetni-kamp-2016-raspored-724x1024.jpg 724w, https:\/\/bazeni-varazdin.hr\/wp\/wp-content\/uploads\/2013\/06\/ljetni-kamp-2016-raspored-212x300.jpg 212w, https:\/\/bazeni-varazdin.hr\/wp\/wp-content\/uploads\/2013\/06\/ljetni-kamp-2016-raspored-768x1086.jpg 768w, https:\/\/bazeni-varazdin.hr\/wp\/wp-content\/uploads\/2013\/06\/ljetni-kamp-2016-raspored.jpg 842w\" sizes=\"(max-width: 724px) 100vw, 724px\" \/><\/a><\/p>\n<p>&nbsp;<\/p>\n[box_header]Treneri[\/box_header]\n[items_list type=&#8217;simple&#8217; class=&#8217;top_marker trainers&#8217;]\n[item icon=&#8217;small_arrow right_white&#8217; value=&#8221;]trener, <a title=\"Silvio Horvat\" href=\"http:\/\/bazeni-varazdin.hr\/wp\/trainers\/silvio-horvat\/\">Silvio Horvat<\/a>[\/item]\n[item icon=&#8217;small_arrow right_white&#8217; value=&#8221;]trener, <a title=\"Goran Leki\u0107\" href=\"http:\/\/bazeni-varazdin.hr\/wp\/trainers\/goran-lekic\/\">Goran Leki\u0107<\/a>[\/item]\n[\/items_list]\n[column_left][box_header]Treninzi[\/box_header]\n[items_list type=&#8217;simple&#8217;]\n[item icon=&#8217;small_arrow right_white&#8217;]Trajanje : 5 dana[\/item]\n[item icon=&#8217;small_arrow right_white&#8217;]od ponedjeljka do petka[\/item]\n[item icon=&#8217;small_arrow right_white&#8217;]09:00 do 16:00 sati[\/item]\n[item icon=&#8217;small_arrow right_white&#8217;]upisi u grupu uvijek mogu\u0107i![\/item]\n[\/items_list]\n[\/column_left]\n[column_right]\n[box_header]Cijena[\/box_header]\n[items_list color=&#8217;dark&#8217; class=&#8217;pricing_plan&#8217;]\n[item icon=&#8217;small_arrow right_white&#8217; value=&#8217;300,00kn&#8217;]5 dolazaka[\/item]\n[\/items_list]\n[\/column_right]\n","protected":false},"excerpt":{"rendered":"<p>Ovaj program osmislili smo vo\u0111eni \u017eeljom da ponudimo zanimljiv sadr\u017eaj za djecu u vrijeme \u0161kolskih praznika. Program je koncipiran u trajanju od 5 dana ( pon-pet ) od 09:00 do 16:00 sati tijekom cijelog ljeta. Djeca su za vrijeme boravka u kampu svrstana u grupe prema godi\u0161tu u homogene skupine. Svaka grupa ima svog voditelja-trenera<\/p>\n","protected":false},"author":1,"featured_media":0,"parent":0,"menu_order":0,"comment_status":"closed","ping_status":"closed","template":"template-full-width.php","meta":{"footnotes":""},"class_list":["post-892","page","type-page","status-publish","hentry"],"_links":{"self":[{"href":"https:\/\/bazeni-varazdin.hr\/wp\/wp-json\/wp\/v2\/pages\/892","targetHints":{"allow":["GET"]}}],"collection":[{"href":"https:\/\/bazeni-varazdin.hr\/wp\/wp-json\/wp\/v2\/pages"}],"about":[{"href":"https:\/\/bazeni-varazdin.hr\/wp\/wp-json\/wp\/v2\/types\/page"}],"author":[{"embeddable":true,"href":"https:\/\/bazeni-varazdin.hr\/wp\/wp-json\/wp\/v2\/users\/1"}],"replies":[{"embeddable":true,"href":"https:\/\/bazeni-varazdin.hr\/wp\/wp-json\/wp\/v2\/comments?post=892"}],"version-history":[{"count":20,"href":"https:\/\/bazeni-varazdin.hr\/wp\/wp-json\/wp\/v2\/pages\/892\/revisions"}],"predecessor-version":[{"id":2019,"href":"https:\/\/bazeni-varazdin.hr\/wp\/wp-json\/wp\/v2\/pages\/892\/revisions\/2019"}],"wp:attachment":[{"href":"https:\/\/bazeni-varazdin.hr\/wp\/wp-json\/wp\/v2\/media?parent=892"}],"curies":[{"name":"wp","href":"https:\/\/api.w.org\/{rel}","templated":true}]}}